{"id":4699,"date":"2016-05-27T12:55:44","date_gmt":"2016-05-27T10:55:44","guid":{"rendered":"https:\/\/kautat.com\/produtos\/"},"modified":"2024-04-30T11:50:06","modified_gmt":"2024-04-30T09:50:06","slug":"produtos","status":"publish","type":"page","link":"https:\/\/kautat.com\/pt-pt\/produtos\/","title":{"rendered":"Produtos"},"content":{"rendered":"<section id=\"bt_section69ea81420b466\"  class=\"boldSection topSemiSpaced bottomSpaced inherit\" ><div class=\"port\"><div class=\"boldCell\"><div class=\"boldCellInner\"><div class=\"boldRow \" ><div class=\"boldRowInner\"><div class=\"rowItem col-md-12 col-ms-12  btTextLeft\"  data-width=\"12\"><div class=\"rowItemContent\" ><div class=\"btGridContainer tiled btGridGap-0 \" ><div class=\"tilesWall btAjaxGrid tiled\" data-num=\"12\" data-tiles-title=\"no\" data-grid-type=\"tiled\" data-post-type=\"portfolio\" data-col=\"4\" data-cat-slug=\"\" data-scroll-loading=\"yes\" data-format=\"11,11,11,11,11,11,11,11,11,11,11,11,11\" data-related=\"\" data-sticky=\"no\"><div class=\"gridSizer\"><\/div><\/div><div class=\"btLoader btLoaderGrid\"><\/div><div class=\"btNoMore btTextCenter topSmallSpaced bottomSmallSpaced\">No more posts<\/div><\/div><\/div><\/div><\/div><\/div><\/div><\/div><\/div><\/section>\n","protected":false},"excerpt":{"rendered":"","protected":false},"author":1,"featured_media":4152,"parent":0,"menu_order":0,"comment_status":"closed","ping_status":"closed","template":"","meta":{"footnotes":""},"class_list":["post-4699","page","type-page","status-publish","has-post-thumbnail","hentry"],"yoast_head":"<!-- This site is optimized with the Yoast SEO plugin v26.0 - https:\/\/yoast.com\/wordpress\/plugins\/seo\/ -->\n<title>Produtos - KAUT\u00c4T<\/title>\n<meta name=\"description\" content=\"Produtos Kautat. Desenvolva seu m\u00f3vel com um design minimalista e moderno, com as mais recentes funcionalidades que destacar\u00e3o seus projetos\" \/>\n<meta name=\"robots\" content=\"index, follow, max-snippet:-1, max-image-preview:large, max-video-preview:-1\" \/>\n<link rel=\"canonical\" href=\"https:\/\/kautat.com\/pt-pt\/produtos\/\" \/>\n<meta property=\"og:locale\" content=\"pt_PT\" \/>\n<meta property=\"og:type\" content=\"article\" \/>\n<meta property=\"og:title\" content=\"Produtos - KAUT\u00c4T\" \/>\n<meta property=\"og:description\" content=\"Produtos Kautat. Desenvolva seu m\u00f3vel com um design minimalista e moderno, com as mais recentes funcionalidades que destacar\u00e3o seus projetos\" \/>\n<meta property=\"og:url\" content=\"https:\/\/kautat.com\/pt-pt\/produtos\/\" \/>\n<meta property=\"og:site_name\" content=\"KAUT\u00c4T\" \/>\n<meta property=\"article:modified_time\" content=\"2024-04-30T09:50:06+00:00\" \/>\n<meta property=\"og:image\" content=\"https:\/\/kautat.com\/wp-content\/uploads\/2023\/07\/Imagenes-Portfolio-750-x-750_Base.jpg\" \/>\n\t<meta property=\"og:image:width\" content=\"750\" \/>\n\t<meta property=\"og:image:height\" content=\"750\" \/>\n\t<meta property=\"og:image:type\" content=\"image\/jpeg\" \/>\n<meta name=\"twitter:card\" content=\"summary_large_image\" \/>\n<meta name=\"twitter:label1\" content=\"Tempo estimado de leitura\" \/>\n\t<meta name=\"twitter:data1\" content=\"1 minuto\" \/>\n<script type=\"application\/ld+json\" class=\"yoast-schema-graph\">{\"@context\":\"https:\/\/schema.org\",\"@graph\":[{\"@type\":\"WebPage\",\"@id\":\"https:\/\/kautat.com\/pt-pt\/produtos\/\",\"url\":\"https:\/\/kautat.com\/pt-pt\/produtos\/\",\"name\":\"Produtos - KAUT\u00c4T\",\"isPartOf\":{\"@id\":\"https:\/\/kautat.com\/#website\"},\"primaryImageOfPage\":{\"@id\":\"https:\/\/kautat.com\/pt-pt\/produtos\/#primaryimage\"},\"image\":{\"@id\":\"https:\/\/kautat.com\/pt-pt\/produtos\/#primaryimage\"},\"thumbnailUrl\":\"https:\/\/kautat.com\/wp-content\/uploads\/2023\/07\/Imagenes-Portfolio-750-x-750_Base.jpg\",\"datePublished\":\"2016-05-27T10:55:44+00:00\",\"dateModified\":\"2024-04-30T09:50:06+00:00\",\"description\":\"Produtos Kautat. Desenvolva seu m\u00f3vel com um design minimalista e moderno, com as mais recentes funcionalidades que destacar\u00e3o seus projetos\",\"breadcrumb\":{\"@id\":\"https:\/\/kautat.com\/pt-pt\/produtos\/#breadcrumb\"},\"inLanguage\":\"pt-PT\",\"potentialAction\":[{\"@type\":\"ReadAction\",\"target\":[\"https:\/\/kautat.com\/pt-pt\/produtos\/\"]}]},{\"@type\":\"ImageObject\",\"inLanguage\":\"pt-PT\",\"@id\":\"https:\/\/kautat.com\/pt-pt\/produtos\/#primaryimage\",\"url\":\"https:\/\/kautat.com\/wp-content\/uploads\/2023\/07\/Imagenes-Portfolio-750-x-750_Base.jpg\",\"contentUrl\":\"https:\/\/kautat.com\/wp-content\/uploads\/2023\/07\/Imagenes-Portfolio-750-x-750_Base.jpg\",\"width\":750,\"height\":750},{\"@type\":\"BreadcrumbList\",\"@id\":\"https:\/\/kautat.com\/pt-pt\/produtos\/#breadcrumb\",\"itemListElement\":[{\"@type\":\"ListItem\",\"position\":1,\"name\":\"Portada\",\"item\":\"https:\/\/kautat.com\/pt-pt\/inicio\/\"},{\"@type\":\"ListItem\",\"position\":2,\"name\":\"Produtos\"}]},{\"@type\":\"WebSite\",\"@id\":\"https:\/\/kautat.com\/#website\",\"url\":\"https:\/\/kautat.com\/\",\"name\":\"KAUT\u00c4T\",\"description\":\"Fabricantes de herrajes de cocina\",\"publisher\":{\"@id\":\"https:\/\/kautat.com\/#organization\"},\"alternateName\":\"Kautat\",\"potentialAction\":[{\"@type\":\"SearchAction\",\"target\":{\"@type\":\"EntryPoint\",\"urlTemplate\":\"https:\/\/kautat.com\/?s={search_term_string}\"},\"query-input\":{\"@type\":\"PropertyValueSpecification\",\"valueRequired\":true,\"valueName\":\"search_term_string\"}}],\"inLanguage\":\"pt-PT\"},{\"@type\":\"Organization\",\"@id\":\"https:\/\/kautat.com\/#organization\",\"name\":\"KAUT\u00c4T\",\"url\":\"https:\/\/kautat.com\/\",\"logo\":{\"@type\":\"ImageObject\",\"inLanguage\":\"pt-PT\",\"@id\":\"https:\/\/kautat.com\/#\/schema\/logo\/image\/\",\"url\":\"https:\/\/kautat.com\/wp-content\/uploads\/2019\/11\/Logo-Kautat.jpg\",\"contentUrl\":\"https:\/\/kautat.com\/wp-content\/uploads\/2019\/11\/Logo-Kautat.jpg\",\"width\":756,\"height\":274,\"caption\":\"KAUT\u00c4T\"},\"image\":{\"@id\":\"https:\/\/kautat.com\/#\/schema\/logo\/image\/\"},\"sameAs\":[\"https:\/\/www.instagram.com\/kautat_corp\/\",\"https:\/\/www.linkedin.com\/in\/kautat-corp-95a762282\/\"]}]}<\/script>\n<!-- \/ Yoast SEO plugin. -->","yoast_head_json":{"title":"Produtos - KAUT\u00c4T","description":"Produtos Kautat. Desenvolva seu m\u00f3vel com um design minimalista e moderno, com as mais recentes funcionalidades que destacar\u00e3o seus projetos","robots":{"index":"index","follow":"follow","max-snippet":"max-snippet:-1","max-image-preview":"max-image-preview:large","max-video-preview":"max-video-preview:-1"},"canonical":"https:\/\/kautat.com\/pt-pt\/produtos\/","og_locale":"pt_PT","og_type":"article","og_title":"Produtos - KAUT\u00c4T","og_description":"Produtos Kautat. Desenvolva seu m\u00f3vel com um design minimalista e moderno, com as mais recentes funcionalidades que destacar\u00e3o seus projetos","og_url":"https:\/\/kautat.com\/pt-pt\/produtos\/","og_site_name":"KAUT\u00c4T","article_modified_time":"2024-04-30T09:50:06+00:00","og_image":[{"width":750,"height":750,"url":"https:\/\/kautat.com\/wp-content\/uploads\/2023\/07\/Imagenes-Portfolio-750-x-750_Base.jpg","type":"image\/jpeg"}],"twitter_card":"summary_large_image","twitter_misc":{"Tempo estimado de leitura":"1 minuto"},"schema":{"@context":"https:\/\/schema.org","@graph":[{"@type":"WebPage","@id":"https:\/\/kautat.com\/pt-pt\/produtos\/","url":"https:\/\/kautat.com\/pt-pt\/produtos\/","name":"Produtos - KAUT\u00c4T","isPartOf":{"@id":"https:\/\/kautat.com\/#website"},"primaryImageOfPage":{"@id":"https:\/\/kautat.com\/pt-pt\/produtos\/#primaryimage"},"image":{"@id":"https:\/\/kautat.com\/pt-pt\/produtos\/#primaryimage"},"thumbnailUrl":"https:\/\/kautat.com\/wp-content\/uploads\/2023\/07\/Imagenes-Portfolio-750-x-750_Base.jpg","datePublished":"2016-05-27T10:55:44+00:00","dateModified":"2024-04-30T09:50:06+00:00","description":"Produtos Kautat. Desenvolva seu m\u00f3vel com um design minimalista e moderno, com as mais recentes funcionalidades que destacar\u00e3o seus projetos","breadcrumb":{"@id":"https:\/\/kautat.com\/pt-pt\/produtos\/#breadcrumb"},"inLanguage":"pt-PT","potentialAction":[{"@type":"ReadAction","target":["https:\/\/kautat.com\/pt-pt\/produtos\/"]}]},{"@type":"ImageObject","inLanguage":"pt-PT","@id":"https:\/\/kautat.com\/pt-pt\/produtos\/#primaryimage","url":"https:\/\/kautat.com\/wp-content\/uploads\/2023\/07\/Imagenes-Portfolio-750-x-750_Base.jpg","contentUrl":"https:\/\/kautat.com\/wp-content\/uploads\/2023\/07\/Imagenes-Portfolio-750-x-750_Base.jpg","width":750,"height":750},{"@type":"BreadcrumbList","@id":"https:\/\/kautat.com\/pt-pt\/produtos\/#breadcrumb","itemListElement":[{"@type":"ListItem","position":1,"name":"Portada","item":"https:\/\/kautat.com\/pt-pt\/inicio\/"},{"@type":"ListItem","position":2,"name":"Produtos"}]},{"@type":"WebSite","@id":"https:\/\/kautat.com\/#website","url":"https:\/\/kautat.com\/","name":"KAUT\u00c4T","description":"Fabricantes de herrajes de cocina","publisher":{"@id":"https:\/\/kautat.com\/#organization"},"alternateName":"Kautat","potentialAction":[{"@type":"SearchAction","target":{"@type":"EntryPoint","urlTemplate":"https:\/\/kautat.com\/?s={search_term_string}"},"query-input":{"@type":"PropertyValueSpecification","valueRequired":true,"valueName":"search_term_string"}}],"inLanguage":"pt-PT"},{"@type":"Organization","@id":"https:\/\/kautat.com\/#organization","name":"KAUT\u00c4T","url":"https:\/\/kautat.com\/","logo":{"@type":"ImageObject","inLanguage":"pt-PT","@id":"https:\/\/kautat.com\/#\/schema\/logo\/image\/","url":"https:\/\/kautat.com\/wp-content\/uploads\/2019\/11\/Logo-Kautat.jpg","contentUrl":"https:\/\/kautat.com\/wp-content\/uploads\/2019\/11\/Logo-Kautat.jpg","width":756,"height":274,"caption":"KAUT\u00c4T"},"image":{"@id":"https:\/\/kautat.com\/#\/schema\/logo\/image\/"},"sameAs":["https:\/\/www.instagram.com\/kautat_corp\/","https:\/\/www.linkedin.com\/in\/kautat-corp-95a762282\/"]}]}},"_links":{"self":[{"href":"https:\/\/kautat.com\/pt-pt\/wp-json\/wp\/v2\/pages\/4699","targetHints":{"allow":["GET"]}}],"collection":[{"href":"https:\/\/kautat.com\/pt-pt\/wp-json\/wp\/v2\/pages"}],"about":[{"href":"https:\/\/kautat.com\/pt-pt\/wp-json\/wp\/v2\/types\/page"}],"author":[{"embeddable":true,"href":"https:\/\/kautat.com\/pt-pt\/wp-json\/wp\/v2\/users\/1"}],"replies":[{"embeddable":true,"href":"https:\/\/kautat.com\/pt-pt\/wp-json\/wp\/v2\/comments?post=4699"}],"version-history":[{"count":1,"href":"https:\/\/kautat.com\/pt-pt\/wp-json\/wp\/v2\/pages\/4699\/revisions"}],"predecessor-version":[{"id":4700,"href":"https:\/\/kautat.com\/pt-pt\/wp-json\/wp\/v2\/pages\/4699\/revisions\/4700"}],"wp:featuredmedia":[{"embeddable":true,"href":"https:\/\/kautat.com\/pt-pt\/wp-json\/wp\/v2\/media\/4152"}],"wp:attachment":[{"href":"https:\/\/kautat.com\/pt-pt\/wp-json\/wp\/v2\/media?parent=4699"}],"curies":[{"name":"wp","href":"https:\/\/api.w.org\/{rel}","templated":true}]}}