{"id":4696,"date":"2016-05-13T11:07:59","date_gmt":"2016-05-13T09:07:59","guid":{"rendered":"https:\/\/kautat.com\/contacto\/"},"modified":"2024-04-30T11:34:38","modified_gmt":"2024-04-30T09:34:38","slug":"contacto","status":"publish","type":"page","link":"https:\/\/kautat.com\/pt-pt\/contacto\/","title":{"rendered":"Contacto"},"content":{"rendered":"<p><section id=\"bt_section69dad409542f5\"  class=\"boldSection gutter\" ><div class=\"port\"><div class=\"boldCell\"><div class=\"boldCellInner\"><div class=\"boldRow \" ><div class=\"boldRowInner\"><\/div><\/div><div class=\"boldRow \" ><div class=\"boldRowInner\"><div class=\"rowItem col-md-12 col-ms-12  btTextLeft\"  data-width=\"12\"><div class=\"rowItemContent\" ><div class=\"btClear btSeparator topSpaced noBorder\" ><hr><\/div><\/div><\/div><\/div><\/div><\/div><\/div><\/div><\/section><section id=\"bt_section69dad4095469d\"  class=\"boldSection topSemiSpaced bottomSemiSpaced gutter inherit\" ><div class=\"port\"><div class=\"boldCell\"><div class=\"boldCellInner\"><div class=\"boldRow \" ><div class=\"boldRowInner\"><div class=\"rowItem col-md-9 col-ms-12  btTextLeft\"  data-width=\"9\"><div class=\"rowItemContent\" ><header class=\"header btClear extralarge\" ><div class=\"btSuperTitle\"><span>Se tiver d\u00favidas sobre ferragens ou equipamento<\/span><\/div><div class=\"dash\"><h1><span class=\"headline\">Em que podemos ajudar voc\u00ea? <\/span><\/h1><\/div><\/header><\/div><\/div><div class=\"rowItem col-md-3 col-sm-6 col-ms-12 btTextLeft\"  data-width=\"3\"><div class=\"rowItemContent\" ><\/div><\/div><\/div><\/div><\/div><\/div><\/div><\/section><section id=\"bt_section69dad40954d14\"  class=\"boldSection topSmallSpaced bottomSmallSpaced gutter inherit\" ><div class=\"port\"><div class=\"boldCell\"><div class=\"boldCellInner\"><div class=\"boldRow \" ><div class=\"boldRowInner\"><div class=\"rowItem col-md-4 col-ms-12 btTextLeft btTopVertical\"  data-width=\"4\"><div class=\"rowItemContent\" ><div class=\"servicesItem  btIcoDefaultColorIcon btIcoMediumSizeIcon \"><div class=\"sIcon\"><span class=\"btIco btIcoMediumSize btIcoDefaultType btIcoDefaultColor\"><span  data-ico-es=\"&#xe9bb;\" class=\"btIcoHolder\"><\/span><\/span><\/div><div class=\"sTxt\"><header class=\"header btClear small\" ><div class=\"dash\"><h4><span class=\"headline\">Dire\u00e7\u00e3o<\/span><\/h4><\/div><\/header><p>C\/ Mario Vargas Llosa, 2 Pol\u00edgono Industrial Casablanca 28850 Torrej\u00f3n de Ardoz (Madrid)<\/p><\/div><\/div><div class=\"btClear btSeparator bottomSemiSpaced noBorder\" ><hr><\/div><\/div><\/div><div class=\"rowItem col-md-4 col-ms-12 btTextLeft btTopVertical\"  data-width=\"4\"><div class=\"rowItemContent\" ><div class=\"servicesItem  btIcoDefaultColorIcon btIcoMediumSizeIcon \"><div class=\"sIcon\"><span class=\"btIco btIcoMediumSize btIcoDefaultType btIcoDefaultColor\"><span  data-ico-es=\"&#xea22;\" class=\"btIcoHolder\"><\/span><\/span><\/div><div class=\"sTxt\"><header class=\"header btClear small\" ><div class=\"dash\"><h4><span class=\"headline\">Telefone<\/span><\/h4><\/div><\/header><p>Tel. +34 677 541 490<\/p><\/div><\/div><div class=\"btClear btSeparator bottomSemiSpaced noBorder\" ><hr><\/div><\/div><\/div><div class=\"rowItem col-md-4 col-ms-12 btTextLeft btTopVertical\"  data-width=\"4\"><div class=\"rowItemContent\" ><div class=\"servicesItem  btIcoDefaultColorIcon btIcoMediumSizeIcon \"><div class=\"sIcon\"><span class=\"btIco btIcoMediumSize btIcoDefaultType btIcoDefaultColor\"><span  data-ico-s7=\"&#xe63a;\" class=\"btIcoHolder\"><\/span><\/span><\/div><div class=\"sTxt\"><header class=\"header btClear small\" ><div class=\"dash\"><h4><span class=\"headline\">Email<\/span><\/h4><\/div><\/header><p>info@kautat.com comercial@kautat.com <\/p><\/div><\/div><div class=\"btClear btSeparator bottomSemiSpaced noBorder\" ><hr><\/div><\/div><\/div><\/div><\/div><div class=\"boldRow \" ><div class=\"boldRowInner\"><div class=\"rowItem col-md-6 col-sm-12 btTextLeft btBottomVertical\"  data-width=\"6\"><div class=\"rowItemContent\" ><header class=\"header btClear large\" ><div class=\"dash\"><h2><span class=\"headline\">Contacto<\/span><\/h2><\/div><\/header><div class=\"btClear btSeparator bottomSemiSpaced noBorder\" ><hr><\/div><div class=\"servicesItem  btIcoDefaultColorIcon btIcoMediumSizeIcon \"><div class=\"sIcon\"><span class=\"btIco btIcoMediumSize btIcoDefaultType btIcoDefaultColor\"><span  data-ico-s7=\"&#xe693;\" class=\"btIcoHolder\"><\/span><\/span><\/div><div class=\"sTxt\"><header class=\"header btClear small\" ><div class=\"dash\"><h4><span class=\"headline\">Respostas r\u00e1pidas<\/span><\/h4><\/div><\/header><p>Preencha o formul\u00e1rio abaixo para entrar em contato conosco. Responderemos \u00e0 sua solicita\u00e7\u00e3o o mais breve poss\u00edvel. N\u00e3o se esque\u00e7a de que tamb\u00e9m pode nos encontrar no mapa interativo.<\/p><\/div><\/div><div class=\"btClear btSeparator bottomSemiSpaced noBorder\" ><hr><\/div><div class=\"btText\" ><\/p>\n<p><iframe loading=\"lazy\" style=\"border: 0;\" src=\"https:\/\/www.google.com\/maps\/embed?pb=!1m14!1m8!1m3!1d24288.803185987403!2d-3.4634372!3d40.4509148!3m2!1i1024!2i768!4f13.1!3m3!1m2!1s0x2bcfbe264ed46ce1%3A0x9535f8aeadcdcec7!2sKAUTAT!5e0!3m2!1ses!2ses!4v1700825312441!5m2!1ses!2ses\" width=\"600\" height=\"450\" allowfullscreen=\"allowfullscreen\"><\/iframe><\/p>\n<p>\n<\/div><\/div><\/div><div class=\"rowItem col-md-6 col-sm-12 btTextLeft inherit btDoublePadding\" style=\"background-color:rgb(209,209,209);\" data-width=\"6\"><div class=\"rowItemContent\" ><div class=\"btClear btSeparator topSmallSpaced noBorder\" ><hr><\/div><div class=\"btText\" ><p class=\"wpcf7-contact-form-not-found\"><strong>Erro:<\/strong> Formul\u00e1rio de contacto n\u00e3o encontrado.<\/p><\/div><div class=\"btClear btSeparator topSmallSpaced noBorder\" ><hr><\/div><\/div><\/div><\/div><\/div><\/div><\/div><\/div><\/section><section id=\"bt_section69dad40957768\"  class=\"boldSection gutter\" ><div class=\"port\"><div class=\"boldCell\"><div class=\"boldCellInner\"><div class=\"boldRow \" ><div class=\"boldRowInner\"><\/div><\/div><div class=\"boldRow \" ><div class=\"boldRowInner\"><div class=\"rowItem col-md-12 col-ms-12  btTextLeft\"  data-width=\"12\"><div class=\"rowItemContent\" ><div class=\"btClear btSeparator topSpaced noBorder\" ><hr><\/div><\/div><\/div><\/div><\/div><\/div><\/div><\/div><\/section><\/p>\n","protected":false},"excerpt":{"rendered":"","protected":false},"author":1,"featured_media":0,"parent":0,"menu_order":0,"comment_status":"closed","ping_status":"closed","template":"","meta":{"footnotes":""},"class_list":["post-4696","page","type-page","status-publish","hentry"],"yoast_head":"<!-- This site is optimized with the Yoast SEO plugin v26.0 - https:\/\/yoast.com\/wordpress\/plugins\/seo\/ -->\n<title>Contacto - KAUT\u00c4T<\/title>\n<meta name=\"description\" content=\"Contacte a Kaut\u00e4t. Informamos sobre todos os nossos produtos. Atendimento direto e por profissionais altamente qualificados.\" \/>\n<meta name=\"robots\" content=\"index, follow, max-snippet:-1, max-image-preview:large, max-video-preview:-1\" \/>\n<link rel=\"canonical\" href=\"https:\/\/kautat.com\/pt-pt\/contacto\/\" \/>\n<meta property=\"og:locale\" content=\"pt_PT\" \/>\n<meta property=\"og:type\" content=\"article\" \/>\n<meta property=\"og:title\" content=\"Contacto - KAUT\u00c4T\" \/>\n<meta property=\"og:description\" content=\"Contacte a Kaut\u00e4t. Informamos sobre todos os nossos produtos. Atendimento direto e por profissionais altamente qualificados.\" \/>\n<meta property=\"og:url\" content=\"https:\/\/kautat.com\/pt-pt\/contacto\/\" \/>\n<meta property=\"og:site_name\" content=\"KAUT\u00c4T\" \/>\n<meta property=\"article:modified_time\" content=\"2024-04-30T09:34:38+00:00\" \/>\n<meta property=\"og:image\" content=\"https:\/\/kautat.com\/wp-content\/uploads\/2023\/09\/Kautat_banderas_2-scaled.jpg\" \/>\n\t<meta property=\"og:image:width\" content=\"2560\" \/>\n\t<meta property=\"og:image:height\" content=\"1653\" \/>\n\t<meta property=\"og:image:type\" content=\"image\/jpeg\" \/>\n<meta name=\"twitter:card\" content=\"summary_large_image\" \/>\n<meta name=\"twitter:label1\" content=\"Tempo estimado de leitura\" \/>\n\t<meta name=\"twitter:data1\" content=\"4 minutos\" \/>\n<script type=\"application\/ld+json\" class=\"yoast-schema-graph\">{\"@context\":\"https:\/\/schema.org\",\"@graph\":[{\"@type\":\"WebPage\",\"@id\":\"https:\/\/kautat.com\/pt-pt\/contacto\/\",\"url\":\"https:\/\/kautat.com\/pt-pt\/contacto\/\",\"name\":\"Contacto - KAUT\u00c4T\",\"isPartOf\":{\"@id\":\"https:\/\/kautat.com\/#website\"},\"datePublished\":\"2016-05-13T09:07:59+00:00\",\"dateModified\":\"2024-04-30T09:34:38+00:00\",\"description\":\"Contacte a Kaut\u00e4t. Informamos sobre todos os nossos produtos. Atendimento direto e por profissionais altamente qualificados.\",\"breadcrumb\":{\"@id\":\"https:\/\/kautat.com\/pt-pt\/contacto\/#breadcrumb\"},\"inLanguage\":\"pt-PT\",\"potentialAction\":[{\"@type\":\"ReadAction\",\"target\":[\"https:\/\/kautat.com\/pt-pt\/contacto\/\"]}]},{\"@type\":\"BreadcrumbList\",\"@id\":\"https:\/\/kautat.com\/pt-pt\/contacto\/#breadcrumb\",\"itemListElement\":[{\"@type\":\"ListItem\",\"position\":1,\"name\":\"Portada\",\"item\":\"https:\/\/kautat.com\/pt-pt\/inicio\/\"},{\"@type\":\"ListItem\",\"position\":2,\"name\":\"Contacto\"}]},{\"@type\":\"WebSite\",\"@id\":\"https:\/\/kautat.com\/#website\",\"url\":\"https:\/\/kautat.com\/\",\"name\":\"KAUT\u00c4T\",\"description\":\"Fabricantes de herrajes de cocina\",\"publisher\":{\"@id\":\"https:\/\/kautat.com\/#organization\"},\"alternateName\":\"Kautat\",\"potentialAction\":[{\"@type\":\"SearchAction\",\"target\":{\"@type\":\"EntryPoint\",\"urlTemplate\":\"https:\/\/kautat.com\/?s={search_term_string}\"},\"query-input\":{\"@type\":\"PropertyValueSpecification\",\"valueRequired\":true,\"valueName\":\"search_term_string\"}}],\"inLanguage\":\"pt-PT\"},{\"@type\":\"Organization\",\"@id\":\"https:\/\/kautat.com\/#organization\",\"name\":\"KAUT\u00c4T\",\"url\":\"https:\/\/kautat.com\/\",\"logo\":{\"@type\":\"ImageObject\",\"inLanguage\":\"pt-PT\",\"@id\":\"https:\/\/kautat.com\/#\/schema\/logo\/image\/\",\"url\":\"https:\/\/kautat.com\/wp-content\/uploads\/2019\/11\/Logo-Kautat.jpg\",\"contentUrl\":\"https:\/\/kautat.com\/wp-content\/uploads\/2019\/11\/Logo-Kautat.jpg\",\"width\":756,\"height\":274,\"caption\":\"KAUT\u00c4T\"},\"image\":{\"@id\":\"https:\/\/kautat.com\/#\/schema\/logo\/image\/\"},\"sameAs\":[\"https:\/\/www.instagram.com\/kautat_corp\/\",\"https:\/\/www.linkedin.com\/in\/kautat-corp-95a762282\/\"]}]}<\/script>\n<!-- \/ Yoast SEO plugin. -->","yoast_head_json":{"title":"Contacto - KAUT\u00c4T","description":"Contacte a Kaut\u00e4t. Informamos sobre todos os nossos produtos. Atendimento direto e por profissionais altamente qualificados.","robots":{"index":"index","follow":"follow","max-snippet":"max-snippet:-1","max-image-preview":"max-image-preview:large","max-video-preview":"max-video-preview:-1"},"canonical":"https:\/\/kautat.com\/pt-pt\/contacto\/","og_locale":"pt_PT","og_type":"article","og_title":"Contacto - KAUT\u00c4T","og_description":"Contacte a Kaut\u00e4t. Informamos sobre todos os nossos produtos. Atendimento direto e por profissionais altamente qualificados.","og_url":"https:\/\/kautat.com\/pt-pt\/contacto\/","og_site_name":"KAUT\u00c4T","article_modified_time":"2024-04-30T09:34:38+00:00","og_image":[{"width":2560,"height":1653,"url":"https:\/\/kautat.com\/wp-content\/uploads\/2023\/09\/Kautat_banderas_2-scaled.jpg","type":"image\/jpeg"}],"twitter_card":"summary_large_image","twitter_misc":{"Tempo estimado de leitura":"4 minutos"},"schema":{"@context":"https:\/\/schema.org","@graph":[{"@type":"WebPage","@id":"https:\/\/kautat.com\/pt-pt\/contacto\/","url":"https:\/\/kautat.com\/pt-pt\/contacto\/","name":"Contacto - KAUT\u00c4T","isPartOf":{"@id":"https:\/\/kautat.com\/#website"},"datePublished":"2016-05-13T09:07:59+00:00","dateModified":"2024-04-30T09:34:38+00:00","description":"Contacte a Kaut\u00e4t. Informamos sobre todos os nossos produtos. Atendimento direto e por profissionais altamente qualificados.","breadcrumb":{"@id":"https:\/\/kautat.com\/pt-pt\/contacto\/#breadcrumb"},"inLanguage":"pt-PT","potentialAction":[{"@type":"ReadAction","target":["https:\/\/kautat.com\/pt-pt\/contacto\/"]}]},{"@type":"BreadcrumbList","@id":"https:\/\/kautat.com\/pt-pt\/contacto\/#breadcrumb","itemListElement":[{"@type":"ListItem","position":1,"name":"Portada","item":"https:\/\/kautat.com\/pt-pt\/inicio\/"},{"@type":"ListItem","position":2,"name":"Contacto"}]},{"@type":"WebSite","@id":"https:\/\/kautat.com\/#website","url":"https:\/\/kautat.com\/","name":"KAUT\u00c4T","description":"Fabricantes de herrajes de cocina","publisher":{"@id":"https:\/\/kautat.com\/#organization"},"alternateName":"Kautat","potentialAction":[{"@type":"SearchAction","target":{"@type":"EntryPoint","urlTemplate":"https:\/\/kautat.com\/?s={search_term_string}"},"query-input":{"@type":"PropertyValueSpecification","valueRequired":true,"valueName":"search_term_string"}}],"inLanguage":"pt-PT"},{"@type":"Organization","@id":"https:\/\/kautat.com\/#organization","name":"KAUT\u00c4T","url":"https:\/\/kautat.com\/","logo":{"@type":"ImageObject","inLanguage":"pt-PT","@id":"https:\/\/kautat.com\/#\/schema\/logo\/image\/","url":"https:\/\/kautat.com\/wp-content\/uploads\/2019\/11\/Logo-Kautat.jpg","contentUrl":"https:\/\/kautat.com\/wp-content\/uploads\/2019\/11\/Logo-Kautat.jpg","width":756,"height":274,"caption":"KAUT\u00c4T"},"image":{"@id":"https:\/\/kautat.com\/#\/schema\/logo\/image\/"},"sameAs":["https:\/\/www.instagram.com\/kautat_corp\/","https:\/\/www.linkedin.com\/in\/kautat-corp-95a762282\/"]}]}},"_links":{"self":[{"href":"https:\/\/kautat.com\/pt-pt\/wp-json\/wp\/v2\/pages\/4696","targetHints":{"allow":["GET"]}}],"collection":[{"href":"https:\/\/kautat.com\/pt-pt\/wp-json\/wp\/v2\/pages"}],"about":[{"href":"https:\/\/kautat.com\/pt-pt\/wp-json\/wp\/v2\/types\/page"}],"author":[{"embeddable":true,"href":"https:\/\/kautat.com\/pt-pt\/wp-json\/wp\/v2\/users\/1"}],"replies":[{"embeddable":true,"href":"https:\/\/kautat.com\/pt-pt\/wp-json\/wp\/v2\/comments?post=4696"}],"version-history":[{"count":2,"href":"https:\/\/kautat.com\/pt-pt\/wp-json\/wp\/v2\/pages\/4696\/revisions"}],"predecessor-version":[{"id":4698,"href":"https:\/\/kautat.com\/pt-pt\/wp-json\/wp\/v2\/pages\/4696\/revisions\/4698"}],"wp:attachment":[{"href":"https:\/\/kautat.com\/pt-pt\/wp-json\/wp\/v2\/media?parent=4696"}],"curies":[{"name":"wp","href":"https:\/\/api.w.org\/{rel}","templated":true}]}}