{"id":4702,"date":"2016-05-16T09:12:25","date_gmt":"2016-05-16T07:12:25","guid":{"rendered":"https:\/\/kautat.com\/innovations\/"},"modified":"2024-05-03T10:58:11","modified_gmt":"2024-05-03T08:58:11","slug":"innovations","status":"publish","type":"page","link":"https:\/\/kautat.com\/en\/innovations\/","title":{"rendered":"Innovations"},"content":{"rendered":"<p><section id=\"bt_section69d513716be24\"  class=\"boldSection topExtraSpaced bottomSpaced btDarkSkin gutter fullScreenHeight btMiddleVertical wBackground cover btBackgroundOverlay btSolidDarkBackground\" style=\"background-image:url('https:\/\/kautat.com\/wp-content\/uploads\/2023\/09\/Progressive3DBLACK-scaled.jpg');\" data-animation=\"3\" data-animation-back=\"\"><div class=\"port\"><div class=\"boldCell\"><div class=\"boldCellInner\"><div class=\"boldRow \" ><div class=\"boldRowInner\"><div class=\"rowItem col-md-6 col-sm-12 btTextLeft animate animate-fadein inherit\"  data-width=\"6\"><div class=\"rowItemContent\" ><header class=\"header btClear extralarge\" ><div class=\"dash\"><h1><span class=\"headline\">Novedades para el mueble<\/span><\/h1><\/div><\/header><div class=\"btClear btSeparator topSmallSpaced noBorder\" ><hr><\/div><header class=\"header btClear large\" ><div class=\"btSuperTitle\"><span>Bisagras y Expulsadores<\/span><\/div><div class=\"dash\"><h2><span class=\"headline\">PROGRESSIVE 3D BLACK<\/span><\/h2><\/div><div class=\"btSubTitle\">CINCO DIFERENCIAS DESTACABLES EN 7 CENT\u00cdMETROS DE ACERO. La Serie Progressive 3D es uno de los productos bandera de la marca Kaut\u00e4t. Fabricada con los mayores est\u00e1ndares de calidad posible, nuestra bisagra cumple con creces las demandas m\u00e1s exigentes del mercado. Fabricada totalmente en chapa de acero, sin ning\u00fan tipo de material pl\u00e1stico, esta bisagra sorprende tanto por su fiabilidad como por su llamativa est\u00e9tica combinada con sus tapas de brazo y cazoleta, dotando al producto de una gran presencia a los ojos del consumidor. La gama de bisagras Kaut\u00e4t, pone a su disposici\u00f3n un amplio rango de aperturas, opciones y acabados.<\/div><\/header><div class=\"btClear btSeparator topSmallSpaced noBorder\" ><hr><\/div><a href=\"https:\/\/kautat.com\/portfolio\/cenit\/\" class=\"btBtn btBtn btnOutlineStyle btnNormalColor btnSmall btnNormalWidth btnRightPosition btnIco\" ><span class=\"btnInnerText\">DISCOVER PROGRESSIVE 3D<\/span><span class=\"btIco \"><span  data-ico-fa=\"&#xf061;\" class=\"btIcoHolder\"><\/span><\/span><\/a><\/div><\/div><div class=\"rowItem col-md-3 col-sm-6 col-ms-12 btTextLeft\"  data-width=\"3\"><div class=\"rowItemContent\" ><\/div><\/div><div class=\"rowItem col-md-3 col-sm-6 col-ms-12 btTextLeft\"  data-width=\"3\"><div class=\"rowItemContent\" ><\/div><\/div><\/div><\/div><\/div><\/div><\/div><\/section><section id=\"bt_section69d513716da2a\"  class=\"boldSection topExtraSpaced bottomSpaced btDarkSkin gutter fullScreenHeight btMiddleVertical wBackground cover btBackgroundOverlay btSolidDarkBackground\" style=\"background-image:url('https:\/\/kautat.com\/wp-content\/uploads\/2023\/09\/VARIAX-scaled.jpg');\" data-animation=\"3\" data-animation-back=\"\"><div class=\"port\"><div class=\"boldCell\"><div class=\"boldCellInner\"><div class=\"boldRow \" ><div class=\"boldRowInner\"><div class=\"rowItem col-md-6 col-sm-12 btTextLeft animate animate-fadein inherit\"  data-width=\"6\"><div class=\"rowItemContent\" ><header class=\"header btClear large\" ><div class=\"btSuperTitle\"><span>Cajones y Gu\u00edas<\/span><\/div><div class=\"dash\"><h2><span class=\"headline\">VARIAX<\/span><\/h2><\/div><div class=\"btSubTitle\">Cuando parec\u00eda que ya estaba todo inventado sobre un caj\u00f3n, llega Variax by Kaut\u00e4t. Un caj\u00f3n de tan solo 4 mm de grosor, que se atreve a desfilar sobre lo imposible. El minimalismo en estado puro. La conjunci\u00f3n de est\u00e9tica y funcionalidad que permite, no solo conseguir la mayor capacidad interna reconocida a d\u00eda de hoy en el mercado, sino que adem\u00e1s, consigue una est\u00e9tica de plena actualidad, que combina a la perfecci\u00f3n con todo el interiorismo de chapa de acero plegada antracita tendencia en este momento. Dise\u00f1ado en tres alturas y distintos fondos, su modularidad y posibilidades son excepcionales, ya que va a poder elegirse entre extracci\u00f3n total o parcial y entre un sistema de regulaci\u00f3n sencillo o un extraordinario sistema patentado de regulaci\u00f3n tridimensional de primera linea.<\/div><\/header><div class=\"btClear btSeparator topSmallSpaced noBorder\" ><hr><\/div><a href=\"https:\/\/kautat.com\/portfolio\/cajon-con-freno-variax\/\" class=\"btBtn btBtn btnOutlineStyle btnNormalColor btnSmall btnNormalWidth btnRightPosition btnIco\" ><span class=\"btnInnerText\">DISCOVER VARIAX<\/span><span class=\"btIco \"><span  data-ico-fa=\"&#xf061;\" class=\"btIcoHolder\"><\/span><\/span><\/a><\/div><\/div><div class=\"rowItem col-md-3 col-sm-6 col-ms-12 btTextLeft\"  data-width=\"3\"><div class=\"rowItemContent\" ><\/div><\/div><div class=\"rowItem col-md-3 col-sm-6 col-ms-12 btTextLeft\"  data-width=\"3\"><div class=\"rowItemContent\" ><\/div><\/div><\/div><\/div><\/div><\/div><\/div><\/section><section id=\"bt_section69d513716ec37\"  class=\"boldSection topExtraSpaced bottomSpaced btDarkSkin gutter fullScreenHeight btMiddleVertical wBackground cover btBackgroundOverlay btSolidDarkBackground\" style=\"background-image:url('https:\/\/kautat.com\/wp-content\/uploads\/2023\/09\/Versatile-scaled.jpg');\" data-animation=\"3\" data-animation-back=\"\"><div class=\"port\"><div class=\"boldCell\"><div class=\"boldCellInner\"><div class=\"boldRow \" ><div class=\"boldRowInner\"><div class=\"rowItem col-md-6 col-sm-12 btTextLeft animate animate-fadein inherit\"  data-width=\"6\"><div class=\"rowItemContent\" ><header class=\"header btClear large\" ><div class=\"btSuperTitle\"><span>Organizaci\u00f3n<\/span><\/div><div class=\"dash\"><h2><span class=\"headline\">VERSATILE Wooden Cutlery Tray<\/span><\/h2><\/div><div class=\"btSubTitle\">Versatile is the intelligent cutlery tray by Kaut\u00e4t. Made of bamboo, with a depth of 473 mm, its main asset is the flexibility it offers in terms of dimensions, being suitable for drawer widths ranging from 50 to 90, thanks to its innovative extendable grooved system. It is also suitable for use in drawer units with thick profile drawers such as Caronte, as well as in drawers with slim profile like Adv\u00e4nced. Additionally, it is an ideal product for logistics management, as one reference is sufficient to cover the equipment for most applications.<\/div><\/header><div class=\"btClear btSeparator topSmallSpaced noBorder\" ><hr><\/div><a href=\"https:\/\/kautat.com\/portfolio\/cubertero-versatile\/\" class=\"btBtn btBtn btnOutlineStyle btnNormalColor btnSmall btnNormalWidth btnRightPosition btnIco\" ><span class=\"btnInnerText\">DISCOVER VERSATILE<\/span><span class=\"btIco \"><span  data-ico-fa=\"&#xf061;\" class=\"btIcoHolder\"><\/span><\/span><\/a><\/div><\/div><div class=\"rowItem col-md-3 col-sm-6 col-ms-12 btTextLeft\"  data-width=\"3\"><div class=\"rowItemContent\" ><\/div><\/div><div class=\"rowItem col-md-3 col-sm-6 col-ms-12 btTextLeft\"  data-width=\"3\"><div class=\"rowItemContent\" ><\/div><\/div><\/div><\/div><\/div><\/div><\/div><\/section><\/p>\n","protected":false},"excerpt":{"rendered":"","protected":false},"author":1,"featured_media":4351,"parent":0,"menu_order":0,"comment_status":"closed","ping_status":"closed","template":"","meta":{"footnotes":""},"class_list":["post-4702","page","type-page","status-publish","has-post-thumbnail","hentry"],"yoast_head":"<!-- This site is optimized with the Yoast SEO plugin v26.0 - https:\/\/yoast.com\/wordpress\/plugins\/seo\/ -->\n<title>Furniture Innovations - KAUT\u00c4T<\/title>\n<meta name=\"description\" content=\"Furniture Innovations. Versatility of Elements. We create aesthetic and functional sets. Interior Perfection\" \/>\n<meta name=\"robots\" content=\"index, follow, max-snippet:-1, max-image-preview:large, max-video-preview:-1\" \/>\n<link rel=\"canonical\" href=\"https:\/\/kautat.com\/en\/innovations\/\" \/>\n<meta property=\"og:locale\" content=\"en_US\" \/>\n<meta property=\"og:type\" content=\"article\" \/>\n<meta property=\"og:title\" content=\"Furniture Innovations - KAUT\u00c4T\" \/>\n<meta property=\"og:description\" content=\"Furniture Innovations. Versatility of Elements. We create aesthetic and functional sets. Interior Perfection\" \/>\n<meta property=\"og:url\" content=\"https:\/\/kautat.com\/en\/innovations\/\" \/>\n<meta property=\"og:site_name\" content=\"KAUT\u00c4T\" \/>\n<meta property=\"article:modified_time\" content=\"2024-05-03T08:58:11+00:00\" \/>\n<meta property=\"og:image\" content=\"https:\/\/kautat.com\/wp-content\/uploads\/2023\/09\/VARIAX-scaled.jpg\" \/>\n\t<meta property=\"og:image:width\" content=\"2560\" \/>\n\t<meta property=\"og:image:height\" content=\"1707\" \/>\n\t<meta property=\"og:image:type\" content=\"image\/jpeg\" \/>\n<meta name=\"twitter:card\" content=\"summary_large_image\" \/>\n<meta name=\"twitter:label1\" content=\"Est. reading time\" \/>\n\t<meta name=\"twitter:data1\" content=\"5 minutes\" \/>\n<script type=\"application\/ld+json\" class=\"yoast-schema-graph\">{\"@context\":\"https:\/\/schema.org\",\"@graph\":[{\"@type\":\"WebPage\",\"@id\":\"https:\/\/kautat.com\/en\/innovations\/\",\"url\":\"https:\/\/kautat.com\/en\/innovations\/\",\"name\":\"Furniture Innovations - KAUT\u00c4T\",\"isPartOf\":{\"@id\":\"https:\/\/kautat.com\/#website\"},\"primaryImageOfPage\":{\"@id\":\"https:\/\/kautat.com\/en\/innovations\/#primaryimage\"},\"image\":{\"@id\":\"https:\/\/kautat.com\/en\/innovations\/#primaryimage\"},\"thumbnailUrl\":\"https:\/\/kautat.com\/wp-content\/uploads\/2023\/09\/VARIAX-scaled.jpg\",\"datePublished\":\"2016-05-16T07:12:25+00:00\",\"dateModified\":\"2024-05-03T08:58:11+00:00\",\"description\":\"Furniture Innovations. Versatility of Elements. We create aesthetic and functional sets. Interior Perfection\",\"breadcrumb\":{\"@id\":\"https:\/\/kautat.com\/en\/innovations\/#breadcrumb\"},\"inLanguage\":\"en-US\",\"potentialAction\":[{\"@type\":\"ReadAction\",\"target\":[\"https:\/\/kautat.com\/en\/innovations\/\"]}]},{\"@type\":\"ImageObject\",\"inLanguage\":\"en-US\",\"@id\":\"https:\/\/kautat.com\/en\/innovations\/#primaryimage\",\"url\":\"https:\/\/kautat.com\/wp-content\/uploads\/2023\/09\/VARIAX-scaled.jpg\",\"contentUrl\":\"https:\/\/kautat.com\/wp-content\/uploads\/2023\/09\/VARIAX-scaled.jpg\",\"width\":2560,\"height\":1707},{\"@type\":\"BreadcrumbList\",\"@id\":\"https:\/\/kautat.com\/en\/innovations\/#breadcrumb\",\"itemListElement\":[{\"@type\":\"ListItem\",\"position\":1,\"name\":\"Portada\",\"item\":\"https:\/\/kautat.com\/en\/home\/\"},{\"@type\":\"ListItem\",\"position\":2,\"name\":\"Innovations\"}]},{\"@type\":\"WebSite\",\"@id\":\"https:\/\/kautat.com\/#website\",\"url\":\"https:\/\/kautat.com\/\",\"name\":\"KAUT\u00c4T\",\"description\":\"Fabricantes de herrajes de cocina\",\"publisher\":{\"@id\":\"https:\/\/kautat.com\/#organization\"},\"alternateName\":\"Kautat\",\"potentialAction\":[{\"@type\":\"SearchAction\",\"target\":{\"@type\":\"EntryPoint\",\"urlTemplate\":\"https:\/\/kautat.com\/?s={search_term_string}\"},\"query-input\":{\"@type\":\"PropertyValueSpecification\",\"valueRequired\":true,\"valueName\":\"search_term_string\"}}],\"inLanguage\":\"en-US\"},{\"@type\":\"Organization\",\"@id\":\"https:\/\/kautat.com\/#organization\",\"name\":\"KAUT\u00c4T\",\"url\":\"https:\/\/kautat.com\/\",\"logo\":{\"@type\":\"ImageObject\",\"inLanguage\":\"en-US\",\"@id\":\"https:\/\/kautat.com\/#\/schema\/logo\/image\/\",\"url\":\"https:\/\/kautat.com\/wp-content\/uploads\/2019\/11\/Logo-Kautat.jpg\",\"contentUrl\":\"https:\/\/kautat.com\/wp-content\/uploads\/2019\/11\/Logo-Kautat.jpg\",\"width\":756,\"height\":274,\"caption\":\"KAUT\u00c4T\"},\"image\":{\"@id\":\"https:\/\/kautat.com\/#\/schema\/logo\/image\/\"},\"sameAs\":[\"https:\/\/www.instagram.com\/kautat_corp\/\",\"https:\/\/www.linkedin.com\/in\/kautat-corp-95a762282\/\"]}]}<\/script>\n<!-- \/ Yoast SEO plugin. -->","yoast_head_json":{"title":"Furniture Innovations - KAUT\u00c4T","description":"Furniture Innovations. Versatility of Elements. We create aesthetic and functional sets. Interior Perfection","robots":{"index":"index","follow":"follow","max-snippet":"max-snippet:-1","max-image-preview":"max-image-preview:large","max-video-preview":"max-video-preview:-1"},"canonical":"https:\/\/kautat.com\/en\/innovations\/","og_locale":"en_US","og_type":"article","og_title":"Furniture Innovations - KAUT\u00c4T","og_description":"Furniture Innovations. Versatility of Elements. We create aesthetic and functional sets. Interior Perfection","og_url":"https:\/\/kautat.com\/en\/innovations\/","og_site_name":"KAUT\u00c4T","article_modified_time":"2024-05-03T08:58:11+00:00","og_image":[{"width":2560,"height":1707,"url":"https:\/\/kautat.com\/wp-content\/uploads\/2023\/09\/VARIAX-scaled.jpg","type":"image\/jpeg"}],"twitter_card":"summary_large_image","twitter_misc":{"Est. reading time":"5 minutes"},"schema":{"@context":"https:\/\/schema.org","@graph":[{"@type":"WebPage","@id":"https:\/\/kautat.com\/en\/innovations\/","url":"https:\/\/kautat.com\/en\/innovations\/","name":"Furniture Innovations - KAUT\u00c4T","isPartOf":{"@id":"https:\/\/kautat.com\/#website"},"primaryImageOfPage":{"@id":"https:\/\/kautat.com\/en\/innovations\/#primaryimage"},"image":{"@id":"https:\/\/kautat.com\/en\/innovations\/#primaryimage"},"thumbnailUrl":"https:\/\/kautat.com\/wp-content\/uploads\/2023\/09\/VARIAX-scaled.jpg","datePublished":"2016-05-16T07:12:25+00:00","dateModified":"2024-05-03T08:58:11+00:00","description":"Furniture Innovations. Versatility of Elements. We create aesthetic and functional sets. Interior Perfection","breadcrumb":{"@id":"https:\/\/kautat.com\/en\/innovations\/#breadcrumb"},"inLanguage":"en-US","potentialAction":[{"@type":"ReadAction","target":["https:\/\/kautat.com\/en\/innovations\/"]}]},{"@type":"ImageObject","inLanguage":"en-US","@id":"https:\/\/kautat.com\/en\/innovations\/#primaryimage","url":"https:\/\/kautat.com\/wp-content\/uploads\/2023\/09\/VARIAX-scaled.jpg","contentUrl":"https:\/\/kautat.com\/wp-content\/uploads\/2023\/09\/VARIAX-scaled.jpg","width":2560,"height":1707},{"@type":"BreadcrumbList","@id":"https:\/\/kautat.com\/en\/innovations\/#breadcrumb","itemListElement":[{"@type":"ListItem","position":1,"name":"Portada","item":"https:\/\/kautat.com\/en\/home\/"},{"@type":"ListItem","position":2,"name":"Innovations"}]},{"@type":"WebSite","@id":"https:\/\/kautat.com\/#website","url":"https:\/\/kautat.com\/","name":"KAUT\u00c4T","description":"Fabricantes de herrajes de cocina","publisher":{"@id":"https:\/\/kautat.com\/#organization"},"alternateName":"Kautat","potentialAction":[{"@type":"SearchAction","target":{"@type":"EntryPoint","urlTemplate":"https:\/\/kautat.com\/?s={search_term_string}"},"query-input":{"@type":"PropertyValueSpecification","valueRequired":true,"valueName":"search_term_string"}}],"inLanguage":"en-US"},{"@type":"Organization","@id":"https:\/\/kautat.com\/#organization","name":"KAUT\u00c4T","url":"https:\/\/kautat.com\/","logo":{"@type":"ImageObject","inLanguage":"en-US","@id":"https:\/\/kautat.com\/#\/schema\/logo\/image\/","url":"https:\/\/kautat.com\/wp-content\/uploads\/2019\/11\/Logo-Kautat.jpg","contentUrl":"https:\/\/kautat.com\/wp-content\/uploads\/2019\/11\/Logo-Kautat.jpg","width":756,"height":274,"caption":"KAUT\u00c4T"},"image":{"@id":"https:\/\/kautat.com\/#\/schema\/logo\/image\/"},"sameAs":["https:\/\/www.instagram.com\/kautat_corp\/","https:\/\/www.linkedin.com\/in\/kautat-corp-95a762282\/"]}]}},"_links":{"self":[{"href":"https:\/\/kautat.com\/en\/wp-json\/wp\/v2\/pages\/4702","targetHints":{"allow":["GET"]}}],"collection":[{"href":"https:\/\/kautat.com\/en\/wp-json\/wp\/v2\/pages"}],"about":[{"href":"https:\/\/kautat.com\/en\/wp-json\/wp\/v2\/types\/page"}],"author":[{"embeddable":true,"href":"https:\/\/kautat.com\/en\/wp-json\/wp\/v2\/users\/1"}],"replies":[{"embeddable":true,"href":"https:\/\/kautat.com\/en\/wp-json\/wp\/v2\/comments?post=4702"}],"version-history":[{"count":2,"href":"https:\/\/kautat.com\/en\/wp-json\/wp\/v2\/pages\/4702\/revisions"}],"predecessor-version":[{"id":4723,"href":"https:\/\/kautat.com\/en\/wp-json\/wp\/v2\/pages\/4702\/revisions\/4723"}],"wp:featuredmedia":[{"embeddable":true,"href":"https:\/\/kautat.com\/en\/wp-json\/wp\/v2\/media\/4351"}],"wp:attachment":[{"href":"https:\/\/kautat.com\/en\/wp-json\/wp\/v2\/media?parent=4702"}],"curies":[{"name":"wp","href":"https:\/\/api.w.org\/{rel}","templated":true}]}}